{"id":239,"date":"2020-05-10T21:53:42","date_gmt":"2020-05-10T19:53:42","guid":{"rendered":"https:\/\/cabinetdentaire-stgengoux.fr\/?page_id=239"},"modified":"2020-05-10T22:14:49","modified_gmt":"2020-05-10T20:14:49","slug":"prevention","status":"publish","type":"page","link":"https:\/\/cabinetdentaire-stgengoux.fr\/index.php\/prevention\/","title":{"rendered":"Pr\u00e9vention Bucco-Dentaire"},"content":{"rendered":"\n<p>L\u2019examen annuel est l\u2019acte de pr\u00e9vention essentiel apr\u00e8s le brossage et le passage de brossettes inter-dentaires. Cet examen annuel permet souvent d&rsquo;anticiper et ainsi \u00e9viter des soins trop importants.<\/p>\n\n\n\n<p>Selon des crit\u00e8res&nbsp;individuels, le dentiste peut conseiller des rendez vous plus fr\u00e9quents.<\/p>\n\n\n\n<p>Nous v\u00e9rifions les dents et tout leur environnement : gencive, os, langue, palais, joue&#8230;<\/p>\n\n\n\n<p>Ce que le dentiste peut d\u00e9pister \u00e0 l\u2019examen :<\/p>\n\n\n\n<p>\u2022 les soins d\u00e9fectueux (amalgames, couronnes, inlays,&#8230;)<br>\u2022 les caries initiales ou sous un amalgame\/couronne<br>\u2022 une parodontopathie, des f\u00ealures, un manque de place \u00e0 venir ou malposition chez l\u2019enfant, une anomalie des muqueuses potentiellement maligne<\/p>\n\n\n\n<p>L\u2019examen dentaire se fait \u00e0 deux. Le dentiste sera plus efficace si vous l\u2019aidez. Informez-le sur votre bouche et votre \u00e9tat de sant\u00e9 g\u00e9n\u00e9rale (pensez \u00e0 vous munir de vos ordonnances en cas de traitement)<\/p>\n","protected":false},"excerpt":{"rendered":"<p>L\u2019examen annuel est l\u2019acte de pr\u00e9vention essentiel apr\u00e8s le brossage et le passage de brossettes inter-dentaires. Cet examen annuel permet souvent d&rsquo;anticiper et ainsi \u00e9viter des soins trop importants. Selon des crit\u00e8res&nbsp;individuels, le dentiste peut conseiller des rendez vous plus fr\u00e9quents. Nous v\u00e9rifions les dents et tout leur environnement : gencive, os, langue, palais, joue&#8230; &hellip; <\/p>\n<p class=\"link-more\"><a href=\"https:\/\/cabinetdentaire-stgengoux.fr\/index.php\/prevention\/\" class=\"more-link\">Continuer la lecture<span class=\"screen-reader-text\"> de &laquo;&nbsp;Pr\u00e9vention Bucco-Dentaire&nbsp;&raquo;<\/span><\/a><\/p>\n","protected":false},"author":1,"featured_media":247,"parent":0,"menu_order":0,"comment_status":"closed","ping_status":"closed","template":"","meta":{"footnotes":""},"class_list":["post-239","page","type-page","status-publish","has-post-thumbnail","hentry"],"_links":{"self":[{"href":"https:\/\/cabinetdentaire-stgengoux.fr\/index.php\/wp-json\/wp\/v2\/pages\/239","targetHints":{"allow":["GET"]}}],"collection":[{"href":"https:\/\/cabinetdentaire-stgengoux.fr\/index.php\/wp-json\/wp\/v2\/pages"}],"about":[{"href":"https:\/\/cabinetdentaire-stgengoux.fr\/index.php\/wp-json\/wp\/v2\/types\/page"}],"author":[{"embeddable":true,"href":"https:\/\/cabinetdentaire-stgengoux.fr\/index.php\/wp-json\/wp\/v2\/users\/1"}],"replies":[{"embeddable":true,"href":"https:\/\/cabinetdentaire-stgengoux.fr\/index.php\/wp-json\/wp\/v2\/comments?post=239"}],"version-history":[{"count":3,"href":"https:\/\/cabinetdentaire-stgengoux.fr\/index.php\/wp-json\/wp\/v2\/pages\/239\/revisions"}],"predecessor-version":[{"id":245,"href":"https:\/\/cabinetdentaire-stgengoux.fr\/index.php\/wp-json\/wp\/v2\/pages\/239\/revisions\/245"}],"wp:featuredmedia":[{"embeddable":true,"href":"https:\/\/cabinetdentaire-stgengoux.fr\/index.php\/wp-json\/wp\/v2\/media\/247"}],"wp:attachment":[{"href":"https:\/\/cabinetdentaire-stgengoux.fr\/index.php\/wp-json\/wp\/v2\/media?parent=239"}],"curies":[{"name":"wp","href":"https:\/\/api.w.org\/{rel}","templated":true}]}}