{"id":23,"date":"2020-03-31T22:34:33","date_gmt":"2020-03-31T20:34:33","guid":{"rendered":"http:\/\/cabinetdentaire-stgengoux.fr\/?page_id=23"},"modified":"2024-11-28T13:02:56","modified_gmt":"2024-11-28T12:02:56","slug":"le-cabinet","status":"publish","type":"page","link":"https:\/\/cabinetdentaire-stgengoux.fr\/index.php\/le-cabinet\/","title":{"rendered":"Le Cabinet"},"content":{"rendered":"<div class=\"wp-block-image\">\n<figure class=\"aligncenter size-large is-resized\"><img loading=\"lazy\" decoding=\"async\" width=\"1024\" height=\"768\" src=\"https:\/\/cabinetdentaire-stgengoux.fr\/wp-content\/uploads\/2021\/02\/image-1024x768.png\" alt=\"\" class=\"wp-image-310\" style=\"width:450px\" srcset=\"https:\/\/cabinetdentaire-stgengoux.fr\/wp-content\/uploads\/2021\/02\/image-1024x768.png 1024w, https:\/\/cabinetdentaire-stgengoux.fr\/wp-content\/uploads\/2021\/02\/image-300x225.png 300w, https:\/\/cabinetdentaire-stgengoux.fr\/wp-content\/uploads\/2021\/02\/image-768x576.png 768w, https:\/\/cabinetdentaire-stgengoux.fr\/wp-content\/uploads\/2021\/02\/image-1536x1152.png 1536w, https:\/\/cabinetdentaire-stgengoux.fr\/wp-content\/uploads\/2021\/02\/image-2048x1536.png 2048w\" sizes=\"auto, (max-width: 767px) 89vw, (max-width: 1000px) 54vw, (max-width: 1071px) 543px, 580px\" \/><\/figure>\n<\/div>\n\n\n<p class=\"has-text-align-center\"><strong><em>Nous avons pr\u00e9vu un parking r\u00e9serv\u00e9 \u00e0 la patient\u00e8le<\/em><\/strong><\/p>\n\n\n<div class=\"wp-block-image\">\n<figure class=\"aligncenter size-large is-resized\"><img loading=\"lazy\" decoding=\"async\" width=\"687\" height=\"1024\" src=\"https:\/\/cabinetdentaire-stgengoux.fr\/wp-content\/uploads\/2022\/03\/IMG_6063-687x1024.jpg\" alt=\"\" class=\"wp-image-384\" style=\"width:344px;height:512px\" srcset=\"https:\/\/cabinetdentaire-stgengoux.fr\/wp-content\/uploads\/2022\/03\/IMG_6063-687x1024.jpg 687w, https:\/\/cabinetdentaire-stgengoux.fr\/wp-content\/uploads\/2022\/03\/IMG_6063-201x300.jpg 201w, https:\/\/cabinetdentaire-stgengoux.fr\/wp-content\/uploads\/2022\/03\/IMG_6063-768x1144.jpg 768w, https:\/\/cabinetdentaire-stgengoux.fr\/wp-content\/uploads\/2022\/03\/IMG_6063-1031x1536.jpg 1031w, https:\/\/cabinetdentaire-stgengoux.fr\/wp-content\/uploads\/2022\/03\/IMG_6063-1374x2048.jpg 1374w, https:\/\/cabinetdentaire-stgengoux.fr\/wp-content\/uploads\/2022\/03\/IMG_6063-scaled.jpg 1718w\" sizes=\"auto, (max-width: 687px) 100vw, 687px\" \/><\/figure>\n<\/div>\n\n\n<p class=\"has-text-align-center\"><strong><em>Salle d&rsquo;attente<\/em><\/strong><\/p>\n\n\n<div class=\"wp-block-image\">\n<figure class=\"aligncenter size-large is-resized\"><img loading=\"lazy\" decoding=\"async\" width=\"768\" height=\"1024\" src=\"https:\/\/cabinetdentaire-stgengoux.fr\/wp-content\/uploads\/2024\/11\/Salle-4-768x1024.jpg\" alt=\"\" class=\"wp-image-476\" style=\"width:350px\" srcset=\"https:\/\/cabinetdentaire-stgengoux.fr\/wp-content\/uploads\/2024\/11\/Salle-4-768x1024.jpg 768w, https:\/\/cabinetdentaire-stgengoux.fr\/wp-content\/uploads\/2024\/11\/Salle-4-225x300.jpg 225w, https:\/\/cabinetdentaire-stgengoux.fr\/wp-content\/uploads\/2024\/11\/Salle-4-1152x1536.jpg 1152w, https:\/\/cabinetdentaire-stgengoux.fr\/wp-content\/uploads\/2024\/11\/Salle-4-1536x2048.jpg 1536w, https:\/\/cabinetdentaire-stgengoux.fr\/wp-content\/uploads\/2024\/11\/Salle-4.jpg 1701w\" sizes=\"auto, (max-width: 767px) 89vw, (max-width: 1000px) 54vw, (max-width: 1071px) 543px, 580px\" \/><\/figure>\n<\/div>\n\n\n<p class=\"has-text-align-center\"><strong><em>Salle de soins<\/em><br><\/strong><\/p>\n\n\n<div class=\"wp-block-image\">\n<figure class=\"aligncenter size-large is-resized\"><img loading=\"lazy\" decoding=\"async\" width=\"1024\" height=\"768\" src=\"https:\/\/cabinetdentaire-stgengoux.fr\/wp-content\/uploads\/2021\/02\/image-4-1024x768.png\" alt=\"\" class=\"wp-image-316\" style=\"width:450px\" srcset=\"https:\/\/cabinetdentaire-stgengoux.fr\/wp-content\/uploads\/2021\/02\/image-4-1024x768.png 1024w, https:\/\/cabinetdentaire-stgengoux.fr\/wp-content\/uploads\/2021\/02\/image-4-300x225.png 300w, https:\/\/cabinetdentaire-stgengoux.fr\/wp-content\/uploads\/2021\/02\/image-4-768x576.png 768w, https:\/\/cabinetdentaire-stgengoux.fr\/wp-content\/uploads\/2021\/02\/image-4-1536x1152.png 1536w, https:\/\/cabinetdentaire-stgengoux.fr\/wp-content\/uploads\/2021\/02\/image-4-2048x1536.png 2048w\" sizes=\"auto, (max-width: 767px) 89vw, (max-width: 1000px) 54vw, (max-width: 1071px) 543px, 580px\" \/><\/figure>\n<\/div>\n\n\n<p class=\"has-text-align-center\"><strong><em>Salle de soins<\/em><br><\/strong><\/p>\n\n\n<div class=\"wp-block-image\">\n<figure class=\"aligncenter size-large is-resized\"><img loading=\"lazy\" decoding=\"async\" width=\"1024\" height=\"768\" src=\"https:\/\/cabinetdentaire-stgengoux.fr\/wp-content\/uploads\/2021\/02\/image-6-1024x768.png\" alt=\"\" class=\"wp-image-318\" style=\"width:450px\" srcset=\"https:\/\/cabinetdentaire-stgengoux.fr\/wp-content\/uploads\/2021\/02\/image-6-1024x768.png 1024w, https:\/\/cabinetdentaire-stgengoux.fr\/wp-content\/uploads\/2021\/02\/image-6-300x225.png 300w, https:\/\/cabinetdentaire-stgengoux.fr\/wp-content\/uploads\/2021\/02\/image-6-768x576.png 768w, https:\/\/cabinetdentaire-stgengoux.fr\/wp-content\/uploads\/2021\/02\/image-6-1536x1152.png 1536w, https:\/\/cabinetdentaire-stgengoux.fr\/wp-content\/uploads\/2021\/02\/image-6-2048x1536.png 2048w\" sizes=\"auto, (max-width: 767px) 89vw, (max-width: 1000px) 54vw, (max-width: 1071px) 543px, 580px\" \/><\/figure>\n<\/div>\n\n\n<p class=\"has-text-align-center\"><strong><em>La st\u00e9rilisation desservant les trois salles de soins<\/em><\/strong><\/p>\n\n\n\n<p><\/p>\n\n\n<div class=\"wp-block-image\">\n<figure class=\"aligncenter size-large is-resized\"><img loading=\"lazy\" decoding=\"async\" width=\"1024\" height=\"768\" src=\"https:\/\/cabinetdentaire-stgengoux.fr\/wp-content\/uploads\/2021\/02\/image-7-1024x768.png\" alt=\"\" class=\"wp-image-319\" style=\"width:450px\" srcset=\"https:\/\/cabinetdentaire-stgengoux.fr\/wp-content\/uploads\/2021\/02\/image-7-1024x768.png 1024w, https:\/\/cabinetdentaire-stgengoux.fr\/wp-content\/uploads\/2021\/02\/image-7-300x225.png 300w, https:\/\/cabinetdentaire-stgengoux.fr\/wp-content\/uploads\/2021\/02\/image-7-768x576.png 768w, https:\/\/cabinetdentaire-stgengoux.fr\/wp-content\/uploads\/2021\/02\/image-7-1536x1152.png 1536w, https:\/\/cabinetdentaire-stgengoux.fr\/wp-content\/uploads\/2021\/02\/image-7-2048x1536.png 2048w\" sizes=\"auto, (max-width: 767px) 89vw, (max-width: 1000px) 54vw, (max-width: 1071px) 543px, 580px\" \/><\/figure>\n<\/div>\n\n\n<p class=\"has-text-align-center\"><strong><em>Salle de Chirurgie et Implantologie<\/em><\/strong><\/p>\n\n\n\n<p><\/p>\n\n\n<div class=\"wp-block-image\">\n<figure class=\"aligncenter size-large is-resized\"><img loading=\"lazy\" decoding=\"async\" width=\"768\" height=\"1024\" src=\"https:\/\/cabinetdentaire-stgengoux.fr\/wp-content\/uploads\/2021\/01\/image-4-768x1024.png\" alt=\"\" class=\"wp-image-304\" style=\"width:350px\" srcset=\"https:\/\/cabinetdentaire-stgengoux.fr\/wp-content\/uploads\/2021\/01\/image-4-768x1024.png 768w, https:\/\/cabinetdentaire-stgengoux.fr\/wp-content\/uploads\/2021\/01\/image-4-225x300.png 225w, https:\/\/cabinetdentaire-stgengoux.fr\/wp-content\/uploads\/2021\/01\/image-4-1151x1536.png 1151w, https:\/\/cabinetdentaire-stgengoux.fr\/wp-content\/uploads\/2021\/01\/image-4-1535x2048.png 1535w, https:\/\/cabinetdentaire-stgengoux.fr\/wp-content\/uploads\/2021\/01\/image-4.png 1587w\" sizes=\"auto, (max-width: 767px) 89vw, (max-width: 1000px) 54vw, (max-width: 1071px) 543px, 580px\" \/><\/figure>\n<\/div>\n\n\n<p class=\"has-text-align-center\"><em><strong>Salle Panoramique\/3D<\/strong><\/em><\/p>\n","protected":false},"excerpt":{"rendered":"<p>Nous avons pr\u00e9vu un parking r\u00e9serv\u00e9 \u00e0 la patient\u00e8le Salle d&rsquo;attente Salle de soins Salle de soins La st\u00e9rilisation desservant les trois salles de soins Salle de Chirurgie et Implantologie Salle Panoramique\/3D<\/p>\n","protected":false},"author":1,"featured_media":83,"parent":0,"menu_order":0,"comment_status":"closed","ping_status":"closed","template":"","meta":{"footnotes":""},"class_list":["post-23","page","type-page","status-publish","has-post-thumbnail","hentry"],"_links":{"self":[{"href":"https:\/\/cabinetdentaire-stgengoux.fr\/index.php\/wp-json\/wp\/v2\/pages\/23","targetHints":{"allow":["GET"]}}],"collection":[{"href":"https:\/\/cabinetdentaire-stgengoux.fr\/index.php\/wp-json\/wp\/v2\/pages"}],"about":[{"href":"https:\/\/cabinetdentaire-stgengoux.fr\/index.php\/wp-json\/wp\/v2\/types\/page"}],"author":[{"embeddable":true,"href":"https:\/\/cabinetdentaire-stgengoux.fr\/index.php\/wp-json\/wp\/v2\/users\/1"}],"replies":[{"embeddable":true,"href":"https:\/\/cabinetdentaire-stgengoux.fr\/index.php\/wp-json\/wp\/v2\/comments?post=23"}],"version-history":[{"count":17,"href":"https:\/\/cabinetdentaire-stgengoux.fr\/index.php\/wp-json\/wp\/v2\/pages\/23\/revisions"}],"predecessor-version":[{"id":478,"href":"https:\/\/cabinetdentaire-stgengoux.fr\/index.php\/wp-json\/wp\/v2\/pages\/23\/revisions\/478"}],"wp:featuredmedia":[{"embeddable":true,"href":"https:\/\/cabinetdentaire-stgengoux.fr\/index.php\/wp-json\/wp\/v2\/media\/83"}],"wp:attachment":[{"href":"https:\/\/cabinetdentaire-stgengoux.fr\/index.php\/wp-json\/wp\/v2\/media?parent=23"}],"curies":[{"name":"wp","href":"https:\/\/api.w.org\/{rel}","templated":true}]}}