{"id":20,"date":"2020-03-31T22:34:33","date_gmt":"2020-03-31T20:34:33","guid":{"rendered":"http:\/\/cabinetdentaire-stgengoux.fr\/?page_id=20"},"modified":"2023-09-12T21:41:41","modified_gmt":"2023-09-12T19:41:41","slug":"accueil","status":"publish","type":"page","link":"https:\/\/cabinetdentaire-stgengoux.fr\/","title":{"rendered":"Accueil"},"content":{"rendered":"\n<h2 class=\"wp-block-heading has-text-align-center has-large-font-size\" id=\"bienvenue-sur-notre-site\"><strong>Bienvenue sur notre site<\/strong><\/h2>\n\n\n\n<p class=\"has-text-align-center has-medium-font-size\"><strong>Pour le bon fonctionnement de notre secr\u00e9tariat<\/strong> et afin de continuer de vous offrir la meilleure qualit\u00e9 de service, le cabinet fonctionnera uniquement sur&nbsp;<strong>rendez-vous<\/strong>, m\u00eame pour toutes questions<strong>&nbsp;administratives<\/strong>&nbsp;sur votre plan de sant\u00e9.<br><strong>Merci de nous contacter au 03-85-45-35-27<\/strong><br><strong>Merci de votre compr\u00e9hension.<\/strong><br>Nous traitons un grand nombre d&rsquo;appels et nous tenons \u00e0 prendre le temps d&rsquo;expliquer et de conseiller.<br>Merci de votre respect et de votre patience envers notre \u00e9quipe.<\/p>\n\n\n<div class=\"wp-block-image\">\n<figure class=\"aligncenter size-full is-resized\"><img loading=\"lazy\" decoding=\"async\" src=\"https:\/\/cabinetdentaire-stgengoux.fr\/wp-content\/uploads\/2022\/03\/logo-telephone.jpeg\" alt=\"\" class=\"wp-image-377\" style=\"width:250px;height:250px\" width=\"250\" height=\"250\" srcset=\"https:\/\/cabinetdentaire-stgengoux.fr\/wp-content\/uploads\/2022\/03\/logo-telephone.jpeg 1000w, https:\/\/cabinetdentaire-stgengoux.fr\/wp-content\/uploads\/2022\/03\/logo-telephone-300x300.jpeg 300w, https:\/\/cabinetdentaire-stgengoux.fr\/wp-content\/uploads\/2022\/03\/logo-telephone-150x150.jpeg 150w, https:\/\/cabinetdentaire-stgengoux.fr\/wp-content\/uploads\/2022\/03\/logo-telephone-768x768.jpeg 768w, https:\/\/cabinetdentaire-stgengoux.fr\/wp-content\/uploads\/2022\/03\/logo-telephone-100x100.jpeg 100w\" sizes=\"auto, (max-width: 250px) 100vw, 250px\" \/><\/figure>\n<\/div>\n\n\n<p class=\"has-text-align-center has-medium-font-size\" style=\"line-height:1.6\"><strong>Chaque patient est unique, nous vous accueillons avec notre savoir faire.<\/strong><br>\u00c0 l\u2019\u00e9coute de vos besoins, notre cabinet propose une approche globale et pr\u00e9ventive dans le respect des donn\u00e9es actuelles de la science : soins courants (caries, couronnes, inlays\u2026), pr\u00e9vention, parodontie, implantologie, \u2026<br>A la suite d&rsquo;un examen <strong>complet<\/strong> et <strong>personnalis\u00e9<\/strong>, nous pourrons \u00e9tablir votre plan de sant\u00e9 d\u00e9taill\u00e9.<br>Par la suite, afin de valider tout premier rendez vous de soins, nous vous demanderons de nous transmettre votre <strong>devis sign\u00e9<\/strong>, <strong>un acompte<\/strong> ainsi que l<strong>&lsquo;entente financi\u00e8re valid\u00e9e<\/strong> aupr\u00e8s de nos assistantes conseils.<br>Sans ces \u00e9l\u00e9ments nous ne pourrons confirmer vos rendez vous.<br>Merci de votre compr\u00e9hension.<br><\/p>\n\n\n\n<p class=\"has-text-align-center\"><br><br><\/p>\n","protected":false},"excerpt":{"rendered":"<p>Bienvenue sur notre site Pour le bon fonctionnement de notre secr\u00e9tariat et afin de continuer de vous offrir la meilleure qualit\u00e9 de service, le cabinet fonctionnera uniquement sur&nbsp;rendez-vous, m\u00eame pour toutes questions&nbsp;administratives&nbsp;sur votre plan de sant\u00e9.Merci de nous contacter au 03-85-45-35-27Merci de votre compr\u00e9hension.Nous traitons un grand nombre d&rsquo;appels et nous tenons \u00e0 prendre le &hellip; <\/p>\n<p class=\"link-more\"><a href=\"https:\/\/cabinetdentaire-stgengoux.fr\/\" class=\"more-link\">Continuer la lecture<span class=\"screen-reader-text\"> de &laquo;&nbsp;Accueil&nbsp;&raquo;<\/span><\/a><\/p>\n","protected":false},"author":1,"featured_media":0,"parent":0,"menu_order":0,"comment_status":"closed","ping_status":"closed","template":"","meta":{"footnotes":""},"class_list":["post-20","page","type-page","status-publish","hentry"],"_links":{"self":[{"href":"https:\/\/cabinetdentaire-stgengoux.fr\/index.php\/wp-json\/wp\/v2\/pages\/20","targetHints":{"allow":["GET"]}}],"collection":[{"href":"https:\/\/cabinetdentaire-stgengoux.fr\/index.php\/wp-json\/wp\/v2\/pages"}],"about":[{"href":"https:\/\/cabinetdentaire-stgengoux.fr\/index.php\/wp-json\/wp\/v2\/types\/page"}],"author":[{"embeddable":true,"href":"https:\/\/cabinetdentaire-stgengoux.fr\/index.php\/wp-json\/wp\/v2\/users\/1"}],"replies":[{"embeddable":true,"href":"https:\/\/cabinetdentaire-stgengoux.fr\/index.php\/wp-json\/wp\/v2\/comments?post=20"}],"version-history":[{"count":31,"href":"https:\/\/cabinetdentaire-stgengoux.fr\/index.php\/wp-json\/wp\/v2\/pages\/20\/revisions"}],"predecessor-version":[{"id":438,"href":"https:\/\/cabinetdentaire-stgengoux.fr\/index.php\/wp-json\/wp\/v2\/pages\/20\/revisions\/438"}],"wp:attachment":[{"href":"https:\/\/cabinetdentaire-stgengoux.fr\/index.php\/wp-json\/wp\/v2\/media?parent=20"}],"curies":[{"name":"wp","href":"https:\/\/api.w.org\/{rel}","templated":true}]}}